{"id":570,"date":"2019-10-25T09:50:44","date_gmt":"2019-10-25T09:50:44","guid":{"rendered":"http:\/\/demo.athemes.com\/sydney-redesign\/?page_id=13"},"modified":"2026-01-14T09:36:20","modified_gmt":"2026-01-14T09:36:20","slug":"home-2","status":"publish","type":"page","link":"https:\/\/www.alu-spf.li\/","title":{"rendered":"Home"},"content":{"rendered":"<p><video src=\"http:\/\/www.alu-spf.li\/video\/230412_Messefilm_ALU_SPF3.mp4\" poster=\"images\/Halle.png\" autoplay=\"autoplay\" muted=\"\" controls=\"controls\" width=\"300\" height=\"150\"><br \/>\nDies Video kann in Ihrem Browser nicht wiedergegeben werden.<br \/>\n<\/video><a href=\"http:\/\/www.alu-spf.li\/?page_id=800\">\u00a0<\/a><\/p>\n<div class=\"page\" title=\"Page 2\">\n<div class=\"section\">\n<div class=\"layoutArea\">\n<div class=\"column\">\n<p>Wir fertigen superplastisch geformte Aluminiumbleche \u2013 von kleinen bis zu gro\u00dfen Teilen mit bis zu 3 m Durchmesser:<\/p>\n<ul>\n<li>Mit unserer langj\u00e4hrigen Erfahrung im High-End- und Automotive-Bereich sowie in der Luftfahrt fertigen wir etwa Karosseriebleche f\u00fcr die Autoindustrie und Seilbahnen.<\/li>\n<li>Ideal f\u00fcr Klein- und Mittelserien sowie f\u00fcr Prototypen.<\/li>\n<li>F\u00fcr uns ist keine Form zu komplex: Auch hochkomplexe Geometrien sind\u00a0flexibel m\u00f6glich.<\/li>\n<li>Die geformten Teile k\u00f6nnen wir 3D-Laserschneiden, 3D-Wasserstrahl- schneiden oder Fr\u00e4sen.<\/li>\n<\/ul>\n<p>Was uns auszeichnet:<\/p>\n<ul>\n<li>Wir unterst\u00fctzen Sie aktiv bei der Produktentwicklung.<\/li>\n<li>Kurze Fertigungszeiten f\u00fcr Werkzeuge (ca. 4 \u2013 8 Wochen), niedrige\u00a0Werkzeugkosten<\/li>\n<li>Kurze Lieferzeiten, Vorfertigung und Teileversorgung auf Abruf m\u00f6glich<\/li>\n<li>Fertigung in Liechtenstein mitten in Europa, innerhalb des Europ\u00e4ischen Wirtschaftsraums<\/li>\n<\/ul>\n<\/div>\n<\/div>\n<\/div>\n<\/div>\n<h3><\/h3>\n<ul id=\"filters\">\n<li><a href=\"#\" data-filter=\"*\">Show all<\/a><\/li>\n<\/ul>\n<h5>Bildschirmgeh\u00e4use<\/h5>\n<p><img fetchpriority=\"high\" decoding=\"async\" class=\"alignnone wp-image-920 size-medium\" src=\"http:\/\/www.alu-spf.li\/wp-content\/uploads\/2024\/06\/Bildschirngeh\u00e4use-300x181.png\" alt=\"\" width=\"300\" height=\"181\" srcset=\"https:\/\/www.alu-spf.li\/wp-content\/uploads\/2024\/06\/Bildschirngeh\u00e4use-300x181.png 300w, https:\/\/www.alu-spf.li\/wp-content\/uploads\/2024\/06\/Bildschirngeh\u00e4use-230x139.png 230w, https:\/\/www.alu-spf.li\/wp-content\/uploads\/2024\/06\/Bildschirngeh\u00e4use-350x211.png 350w, https:\/\/www.alu-spf.li\/wp-content\/uploads\/2024\/06\/Bildschirngeh\u00e4use.png 472w\" sizes=\"(max-width: 300px) 100vw, 300px\" \/><\/p>\n<h5>Motorabdeckung<\/h5>\n<p><a href=\"#\"><img decoding=\"async\" class=\"alignnone wp-image-918 size-medium\" src=\"http:\/\/www.alu-spf.li\/wp-content\/uploads\/2024\/06\/Motorabdeckung-300x238.png\" alt=\"\" width=\"300\" height=\"238\" srcset=\"https:\/\/www.alu-spf.li\/wp-content\/uploads\/2024\/06\/Motorabdeckung-300x238.png 300w, https:\/\/www.alu-spf.li\/wp-content\/uploads\/2024\/06\/Motorabdeckung-230x183.png 230w, https:\/\/www.alu-spf.li\/wp-content\/uploads\/2024\/06\/Motorabdeckung-350x278.png 350w, https:\/\/www.alu-spf.li\/wp-content\/uploads\/2024\/06\/Motorabdeckung.png 472w\" sizes=\"(max-width: 300px) 100vw, 300px\" \/><\/a><\/p>\n<p>Karosserieteile Aussenhaut<\/p>\n<p><img decoding=\"async\" class=\"alignnone wp-image-925 size-medium\" src=\"http:\/\/www.alu-spf.li\/wp-content\/uploads\/2024\/06\/A-S\u00e4ule-RR-300x300.png\" alt=\"\" width=\"300\" height=\"300\" srcset=\"https:\/\/www.alu-spf.li\/wp-content\/uploads\/2024\/06\/A-S\u00e4ule-RR-300x300.png 300w, https:\/\/www.alu-spf.li\/wp-content\/uploads\/2024\/06\/A-S\u00e4ule-RR-150x150.png 150w, https:\/\/www.alu-spf.li\/wp-content\/uploads\/2024\/06\/A-S\u00e4ule-RR-230x230.png 230w, https:\/\/www.alu-spf.li\/wp-content\/uploads\/2024\/06\/A-S\u00e4ule-RR-350x350.png 350w, https:\/\/www.alu-spf.li\/wp-content\/uploads\/2024\/06\/A-S\u00e4ule-RR-480x480.png 480w, https:\/\/www.alu-spf.li\/wp-content\/uploads\/2024\/06\/A-S\u00e4ule-RR.png 700w\" sizes=\"(max-width: 300px) 100vw, 300px\" \/><\/p>\n<h5>Feuerwehrhelm<\/h5>\n<p><img loading=\"lazy\" decoding=\"async\" class=\"alignnone wp-image-915 size-medium\" src=\"http:\/\/www.alu-spf.li\/wp-content\/uploads\/2024\/06\/Helm-poliert-247x300.png\" alt=\"\" width=\"247\" height=\"300\" srcset=\"https:\/\/www.alu-spf.li\/wp-content\/uploads\/2024\/06\/Helm-poliert-247x300.png 247w, https:\/\/www.alu-spf.li\/wp-content\/uploads\/2024\/06\/Helm-poliert-230x280.png 230w, https:\/\/www.alu-spf.li\/wp-content\/uploads\/2024\/06\/Helm-poliert.png 300w\" sizes=\"(max-width: 247px) 100vw, 247px\" \/><\/p>\n<p>Ecke Dach Seilbahnkabine (Ganzes Dach einteilig)<\/p>\n<p><a href=\"#\"><img loading=\"lazy\" decoding=\"async\" class=\"alignnone  wp-image-877\" src=\"http:\/\/www.alu-spf.li\/wp-content\/uploads\/2023\/04\/Ohne-Titel-4-266x300.png\" alt=\"\" width=\"248\" height=\"280\" srcset=\"https:\/\/www.alu-spf.li\/wp-content\/uploads\/2023\/04\/Ohne-Titel-4-266x300.png 266w, https:\/\/www.alu-spf.li\/wp-content\/uploads\/2023\/04\/Ohne-Titel-4-909x1024.png 909w, https:\/\/www.alu-spf.li\/wp-content\/uploads\/2023\/04\/Ohne-Titel-4-768x865.png 768w, https:\/\/www.alu-spf.li\/wp-content\/uploads\/2023\/04\/Ohne-Titel-4-1364x1536.png 1364w, https:\/\/www.alu-spf.li\/wp-content\/uploads\/2023\/04\/Ohne-Titel-4-830x935.png 830w, https:\/\/www.alu-spf.li\/wp-content\/uploads\/2023\/04\/Ohne-Titel-4-230x259.png 230w, https:\/\/www.alu-spf.li\/wp-content\/uploads\/2023\/04\/Ohne-Titel-4-350x394.png 350w, https:\/\/www.alu-spf.li\/wp-content\/uploads\/2023\/04\/Ohne-Titel-4-480x541.png 480w, https:\/\/www.alu-spf.li\/wp-content\/uploads\/2023\/04\/Ohne-Titel-4.png 1617w\" sizes=\"(max-width: 248px) 100vw, 248px\" \/><\/a><\/p>\n<h5><\/h5>\n<h5>Strukturteile Karosseriebau<\/h5>\n<p><a href=\"#\"><img loading=\"lazy\" decoding=\"async\" class=\"alignnone wp-image-923 size-medium\" src=\"http:\/\/www.alu-spf.li\/wp-content\/uploads\/2024\/06\/Trennwand-1-300x132.png\" alt=\"\" width=\"300\" height=\"132\" srcset=\"https:\/\/www.alu-spf.li\/wp-content\/uploads\/2024\/06\/Trennwand-1-300x132.png 300w, https:\/\/www.alu-spf.li\/wp-content\/uploads\/2024\/06\/Trennwand-1-768x338.png 768w, https:\/\/www.alu-spf.li\/wp-content\/uploads\/2024\/06\/Trennwand-1-230x101.png 230w, https:\/\/www.alu-spf.li\/wp-content\/uploads\/2024\/06\/Trennwand-1-350x154.png 350w, https:\/\/www.alu-spf.li\/wp-content\/uploads\/2024\/06\/Trennwand-1-480x211.png 480w, https:\/\/www.alu-spf.li\/wp-content\/uploads\/2024\/06\/Trennwand-1.png 827w\" sizes=\"(max-width: 300px) 100vw, 300px\" \/><\/a><\/p>\n<p>&nbsp;<\/p>\n<h5>Elektronikgeh\u00e4use<\/h5>\n<p><a href=\"#\"><br \/>\n<img loading=\"lazy\" decoding=\"async\" class=\"\" src=\"http:\/\/www.alu-spf.li\/wp\/wp-content\/uploads\/2020\/01\/Geh\u00e4use.jpg\" width=\"461\" height=\"331\" \/><br \/>\n<\/a><\/p>\n<h5><\/h5>\n<h5>Vordach Seilbahnkabine<\/h5>\n<p><a href=\"#\"><br \/>\n<img loading=\"lazy\" decoding=\"async\" class=\"\" src=\"http:\/\/www.alu-spf.li\/wp\/wp-content\/uploads\/2020\/01\/Conus-8-geformt.gif\" width=\"495\" height=\"390\" \/><br \/>\n<\/a><\/p>\n<h5>Abschirmung<\/h5>\n<p><a href=\"#\"><br \/>\n<img loading=\"lazy\" decoding=\"async\" class=\"\" src=\"http:\/\/www.alu-spf.li\/wp\/wp-content\/uploads\/2020\/01\/Dichte-Ecke.gif\" width=\"318\" height=\"258\" \/><br \/>\n<\/a><\/p>\n<h5>Abdeckung T\u00fcrautomatik Seilbahngondel<\/h5>\n<p><a href=\"#\"><br \/>\n<img loading=\"lazy\" decoding=\"async\" class=\"\" src=\"http:\/\/www.alu-spf.li\/wp\/wp-content\/uploads\/2020\/01\/Dach.gif\" width=\"418\" height=\"239\" \/><br \/>\n<\/a><\/p>\n<h5>Geh\u00e4use<\/h5>\n<p><a href=\"#\"><br \/>\n<img loading=\"lazy\" decoding=\"async\" class=\"\" src=\"http:\/\/www.alu-spf.li\/wp\/wp-content\/uploads\/2020\/01\/Geh\u00e4use-Simma.jpg\" width=\"412\" height=\"324\" \/><\/a><\/p>\n<p><a href=\"#\"><br \/>\n<img \/><br \/>\n<\/a><\/p>\n<h4>Wollen sie mehr \u00fcber uns erfahren? Nehmen Sie mit uns Kontakt auf!<\/h4>\n<p><a role=\"button\" href=\"?page_id=11\"><br \/>\nKontakt<br \/>\n<\/a><\/p>\n<h1>Referenzen<\/h1>\n<p><img loading=\"lazy\" decoding=\"async\" src=\"http:\/\/www.alu-spf.li\/wp-content\/uploads\/2020\/01\/bmw-b2b-portal-logo.png\" alt=\"\" width=\"229\" height=\"25\" \/><br \/>\n<a href=\"https:\/\/www.cwa.ch\/\" data-elementor-open-lightbox=\"\"><br \/>\n<img loading=\"lazy\" decoding=\"async\" src=\"http:\/\/www.alu-spf.li\/wp-content\/uploads\/2020\/01\/image002.png\" alt=\"\" width=\"151\" height=\"35\" \/> <\/a><\/p>\n<p><img loading=\"lazy\" decoding=\"async\" src=\"http:\/\/www.alu-spf.li\/wp-content\/uploads\/2020\/01\/Verwo.png\" alt=\"\" width=\"198\" height=\"51\" \/><br \/>\n<a href=\"https:\/\/www.autoneum.com\/de\/\" data-elementor-open-lightbox=\"\"><br \/>\n<img loading=\"lazy\" decoding=\"async\" src=\"http:\/\/www.alu-spf.li\/wp-content\/uploads\/2020\/01\/auto-neum-logo.png\" sizes=\"(max-width: 250px) 100vw, 250px\" srcset=\"http:\/\/www.alu-spf.li\/wp-content\/uploads\/2020\/01\/auto-neum-logo.png 250w, http:\/\/www.alu-spf.li\/wp-content\/uploads\/2020\/01\/auto-neum-logo-230x83.png 230w\" alt=\"\" width=\"250\" height=\"90\" \/> <\/a><\/p>\n","protected":false},"excerpt":{"rendered":"<p>Dies Video kann in Ihrem Browser nicht wiedergegeben werden. \u00a0 Wir fertigen superplastisch geformte Aluminiumbleche \u2013 von kleinen bis zu gro\u00dfen Teilen mit bis zu 3 m Durchmesser: Mit unserer langj\u00e4hrigen Erfahrung im High-End- und Automotive-Bereich sowie in der Luftfahrt fertigen wir etwa Karosseriebleche f\u00fcr die Autoindustrie und Seilbahnen. Ideal f\u00fcr Klein- und Mittelserien sowie [&hellip;]<\/p>\n","protected":false},"author":1,"featured_media":0,"parent":0,"menu_order":0,"comment_status":"closed","ping_status":"closed","template":"page-templates\/page_front-page.php","meta":{"footnotes":""},"class_list":["post-570","page","type-page","status-publish","hentry"],"_links":{"self":[{"href":"https:\/\/www.alu-spf.li\/index.php?rest_route=\/wp\/v2\/pages\/570","targetHints":{"allow":["GET"]}}],"collection":[{"href":"https:\/\/www.alu-spf.li\/index.php?rest_route=\/wp\/v2\/pages"}],"about":[{"href":"https:\/\/www.alu-spf.li\/index.php?rest_route=\/wp\/v2\/types\/page"}],"author":[{"embeddable":true,"href":"https:\/\/www.alu-spf.li\/index.php?rest_route=\/wp\/v2\/users\/1"}],"replies":[{"embeddable":true,"href":"https:\/\/www.alu-spf.li\/index.php?rest_route=%2Fwp%2Fv2%2Fcomments&post=570"}],"version-history":[{"count":129,"href":"https:\/\/www.alu-spf.li\/index.php?rest_route=\/wp\/v2\/pages\/570\/revisions"}],"predecessor-version":[{"id":932,"href":"https:\/\/www.alu-spf.li\/index.php?rest_route=\/wp\/v2\/pages\/570\/revisions\/932"}],"wp:attachment":[{"href":"https:\/\/www.alu-spf.li\/index.php?rest_route=%2Fwp%2Fv2%2Fmedia&parent=570"}],"curies":[{"name":"wp","href":"https:\/\/api.w.org\/{rel}","templated":true}]}}