{"id":800,"date":"2020-12-11T11:58:06","date_gmt":"2020-12-11T11:58:06","guid":{"rendered":"http:\/\/www.alu-spf.li\/?page_id=800"},"modified":"2023-04-17T11:57:51","modified_gmt":"2023-04-17T11:57:51","slug":"spf","status":"publish","type":"page","link":"http:\/\/www.alu-spf.li\/?page_id=800","title":{"rendered":"SPF"},"content":{"rendered":"\t\t<div data-elementor-type=\"wp-page\" data-elementor-id=\"800\" class=\"elementor elementor-800\">\n\t\t\t\t\t\t<section class=\"elementor-section elementor-top-section elementor-element elementor-element-210edb71 elementor-section-boxed elementor-section-height-default elementor-section-height-default\" data-id=\"210edb71\" data-element_type=\"section\">\n\t\t\t\t\t\t<div class=\"elementor-container elementor-column-gap-default\">\n\t\t\t\t\t<div class=\"elementor-column elementor-col-100 elementor-top-column elementor-element elementor-element-3b840087\" data-id=\"3b840087\" data-element_type=\"column\">\n\t\t\t<div class=\"elementor-widget-wrap elementor-element-populated\">\n\t\t\t\t\t\t<div class=\"elementor-element elementor-element-30e7bdcc elementor-widget elementor-widget-text-editor\" data-id=\"30e7bdcc\" data-element_type=\"widget\" data-widget_type=\"text-editor.default\">\n\t\t\t\t<div class=\"elementor-widget-container\">\n\t\t\t\t\t\t\t\t\t<p>Definition:&nbsp;<\/p>\n<p>Unter bestimmten umst\u00e4nden k\u00f6nnen geeigneten Werkstoffe ausserordentliche Form\u00e4nderungen bis zum Bruch ertragen.<font color=\"#ffffff\" face=\"Century Gothic\" size=\"6\"><span style=\"caret-color: rgb(255, 255, 255);\"><b>aus<\/b><\/span><\/font><\/p>\n<p><span style=\"caret-color: rgb(0, 0, 0); color: rgb(0, 0, 0); font-family: -webkit-standard; font-size: medium;\"><\/span><\/p>\t\t\t\t\t\t\t\t<\/div>\n\t\t\t\t<\/div>\n\t\t\t\t\t<\/div>\n\t\t<\/div>\n\t\t\t\t\t<\/div>\n\t\t<\/section>\n\t\t\t\t<section class=\"elementor-section elementor-top-section elementor-element elementor-element-709694b elementor-section-boxed elementor-section-height-default elementor-section-height-default\" data-id=\"709694b\" data-element_type=\"section\">\n\t\t\t\t\t\t<div class=\"elementor-container elementor-column-gap-default\">\n\t\t\t\t\t<div class=\"elementor-column elementor-col-100 elementor-top-column elementor-element elementor-element-6c0ce7d\" data-id=\"6c0ce7d\" data-element_type=\"column\">\n\t\t\t<div class=\"elementor-widget-wrap\">\n\t\t\t\t\t\t\t<\/div>\n\t\t<\/div>\n\t\t\t\t\t<\/div>\n\t\t<\/section>\n\t\t\t\t<\/div>\n\t\t","protected":false},"excerpt":{"rendered":"<p>Definition:&nbsp; Unter bestimmten umst\u00e4nden k\u00f6nnen geeigneten Werkstoffe ausserordentliche Form\u00e4nderungen bis zum Bruch ertragen.aus<\/p>\n","protected":false},"author":4,"featured_media":0,"parent":0,"menu_order":0,"comment_status":"closed","ping_status":"closed","template":"","meta":{"footnotes":""},"class_list":["post-800","page","type-page","status-publish","hentry"],"_links":{"self":[{"href":"http:\/\/www.alu-spf.li\/index.php?rest_route=\/wp\/v2\/pages\/800","targetHints":{"allow":["GET"]}}],"collection":[{"href":"http:\/\/www.alu-spf.li\/index.php?rest_route=\/wp\/v2\/pages"}],"about":[{"href":"http:\/\/www.alu-spf.li\/index.php?rest_route=\/wp\/v2\/types\/page"}],"author":[{"embeddable":true,"href":"http:\/\/www.alu-spf.li\/index.php?rest_route=\/wp\/v2\/users\/4"}],"replies":[{"embeddable":true,"href":"http:\/\/www.alu-spf.li\/index.php?rest_route=%2Fwp%2Fv2%2Fcomments&post=800"}],"version-history":[{"count":4,"href":"http:\/\/www.alu-spf.li\/index.php?rest_route=\/wp\/v2\/pages\/800\/revisions"}],"predecessor-version":[{"id":841,"href":"http:\/\/www.alu-spf.li\/index.php?rest_route=\/wp\/v2\/pages\/800\/revisions\/841"}],"wp:attachment":[{"href":"http:\/\/www.alu-spf.li\/index.php?rest_route=%2Fwp%2Fv2%2Fmedia&parent=800"}],"curies":[{"name":"wp","href":"https:\/\/api.w.org\/{rel}","templated":true}]}}